{"id":11,"date":"2024-02-20T14:28:07","date_gmt":"2024-02-20T17:28:07","guid":{"rendered":"https:\/\/everaldocolombijr.adv.br\/?page_id=11"},"modified":"2024-02-20T15:02:26","modified_gmt":"2024-02-20T18:02:26","slug":"home","status":"publish","type":"page","link":"https:\/\/everaldocolombijr.adv.br\/","title":{"rendered":"Home"},"content":{"rendered":"\t\t<div data-elementor-type=\"wp-page\" data-elementor-id=\"11\" class=\"elementor elementor-11\" data-elementor-post-type=\"page\">\n\t\t\t\t\t\t\t<div class=\"elementor-element elementor-element-ca6d44a e-flex e-con-boxed e-con e-parent\" data-id=\"ca6d44a\" data-element_type=\"container\" data-settings=\"{&quot;background_background&quot;:&quot;classic&quot;,&quot;content_width&quot;:&quot;boxed&quot;}\" data-core-v316-plus=\"true\">\n\t\t\t\t\t<div class=\"e-con-inner\">\n\t\t<div class=\"elementor-element elementor-element-e3f4d7a e-con-full e-flex e-con e-child\" data-id=\"e3f4d7a\" data-element_type=\"container\" data-settings=\"{&quot;content_width&quot;:&quot;full&quot;}\">\n\t\t<div class=\"elementor-element elementor-element-038b5d6 e-con-full e-flex e-con e-child\" data-id=\"038b5d6\" data-element_type=\"container\" data-settings=\"{&quot;content_width&quot;:&quot;full&quot;,&quot;background_background&quot;:&quot;classic&quot;}\">\n\t\t\t\t<div class=\"elementor-element elementor-element-4cf223e elementor-widget elementor-widget-theme-site-logo elementor-widget-image\" data-id=\"4cf223e\" data-element_type=\"widget\" data-widget_type=\"theme-site-logo.default\">\n\t\t\t\t<div class=\"elementor-widget-container\">\n\t\t\t<style>\/*! elementor - v3.18.0 - 08-12-2023 *\/\n.elementor-widget-image{text-align:center}.elementor-widget-image a{display:inline-block}.elementor-widget-image a img[src$=\".svg\"]{width:48px}.elementor-widget-image img{vertical-align:middle;display:inline-block}<\/style>\t\t\t\t\t\t\t\t<a href=\"https:\/\/everaldocolombijr.adv.br\">\n\t\t\t<img fetchpriority=\"high\" decoding=\"async\" width=\"8230\" height=\"2325\" src=\"https:\/\/everaldocolombijr.adv.br\/wp-content\/uploads\/2024\/02\/EMC-LOGO-01-1.png\" class=\"attachment-full size-full wp-image-19\" alt=\"\" srcset=\"https:\/\/everaldocolombijr.adv.br\/wp-content\/uploads\/2024\/02\/EMC-LOGO-01-1.png 8230w, https:\/\/everaldocolombijr.adv.br\/wp-content\/uploads\/2024\/02\/EMC-LOGO-01-1-300x85.png 300w, https:\/\/everaldocolombijr.adv.br\/wp-content\/uploads\/2024\/02\/EMC-LOGO-01-1-1024x289.png 1024w, https:\/\/everaldocolombijr.adv.br\/wp-content\/uploads\/2024\/02\/EMC-LOGO-01-1-768x217.png 768w, https:\/\/everaldocolombijr.adv.br\/wp-content\/uploads\/2024\/02\/EMC-LOGO-01-1-1536x434.png 1536w, https:\/\/everaldocolombijr.adv.br\/wp-content\/uploads\/2024\/02\/EMC-LOGO-01-1-2048x579.png 2048w\" sizes=\"(max-width: 8230px) 100vw, 8230px\" \/>\t\t\t\t<\/a>\n\t\t\t\t\t\t\t\t\t\t\t<\/div>\n\t\t\t\t<\/div>\n\t\t\t\t<div class=\"elementor-element elementor-element-ab9b6b2 elementor-widget elementor-widget-heading\" data-id=\"ab9b6b2\" data-element_type=\"widget\" data-widget_type=\"heading.default\">\n\t\t\t\t<div class=\"elementor-widget-container\">\n\t\t\t<style>\/*! elementor - v3.18.0 - 08-12-2023 *\/\n.elementor-heading-title{padding:0;margin:0;line-height:1}.elementor-widget-heading .elementor-heading-title[class*=elementor-size-]>a{color:inherit;font-size:inherit;line-height:inherit}.elementor-widget-heading .elementor-heading-title.elementor-size-small{font-size:15px}.elementor-widget-heading .elementor-heading-title.elementor-size-medium{font-size:19px}.elementor-widget-heading .elementor-heading-title.elementor-size-large{font-size:29px}.elementor-widget-heading .elementor-heading-title.elementor-size-xl{font-size:39px}.elementor-widget-heading .elementor-heading-title.elementor-size-xxl{font-size:59px}<\/style><h2 class=\"elementor-heading-title elementor-size-default\">Site em Manuten\u00e7\u00e3o<\/h2>\t\t<\/div>\n\t\t\t\t<\/div>\n\t\t\t\t<div class=\"elementor-element elementor-element-d580fac elementor-widget elementor-widget-text-editor\" data-id=\"d580fac\" data-element_type=\"widget\" data-widget_type=\"text-editor.default\">\n\t\t\t\t<div class=\"elementor-widget-container\">\n\t\t\t<style>\/*! elementor - v3.18.0 - 08-12-2023 *\/\n.elementor-widget-text-editor.elementor-drop-cap-view-stacked .elementor-drop-cap{background-color:#69727d;color:#fff}.elementor-widget-text-editor.elementor-drop-cap-view-framed .elementor-drop-cap{color:#69727d;border:3px solid;background-color:transparent}.elementor-widget-text-editor:not(.elementor-drop-cap-view-default) .elementor-drop-cap{margin-top:8px}.elementor-widget-text-editor:not(.elementor-drop-cap-view-default) .elementor-drop-cap-letter{width:1em;height:1em}.elementor-widget-text-editor .elementor-drop-cap{float:left;text-align:center;line-height:1;font-size:50px}.elementor-widget-text-editor .elementor-drop-cap-letter{display:inline-block}<\/style>\t\t\t\t<p>Informamos que nosso site est\u00e1 em desenvolvimento para melhor servir a todos. Durante este per\u00edodo, a EMC &#8211; Everaldo de Melo Colombi Jr Advocacia segue \u00e0 disposi\u00e7\u00e3o para atender suas necessidades jur\u00eddicas atrav\u00e9s dos nossos canais de contato:<\/p>\t\t\t\t\t\t<\/div>\n\t\t\t\t<\/div>\n\t\t\t\t<div class=\"elementor-element elementor-element-66df1ba elementor-align-center elementor-icon-list--layout-traditional elementor-list-item-link-full_width elementor-widget elementor-widget-icon-list\" data-id=\"66df1ba\" data-element_type=\"widget\" data-widget_type=\"icon-list.default\">\n\t\t\t\t<div class=\"elementor-widget-container\">\n\t\t\t<link rel=\"stylesheet\" href=\"https:\/\/everaldocolombijr.adv.br\/wp-content\/plugins\/elementor\/assets\/css\/widget-icon-list.min.css\">\t\t<ul class=\"elementor-icon-list-items\">\n\t\t\t\t\t\t\t<li class=\"elementor-icon-list-item\">\n\t\t\t\t\t\t\t\t\t\t\t<span class=\"elementor-icon-list-icon\">\n\t\t\t\t\t\t\t<svg aria-hidden=\"true\" class=\"e-font-icon-svg e-far-envelope\" viewBox=\"0 0 512 512\" xmlns=\"http:\/\/www.w3.org\/2000\/svg\"><path d=\"M464 64H48C21.49 64 0 85.49 0 112v288c0 26.51 21.49 48 48 48h416c26.51 0 48-21.49 48-48V112c0-26.51-21.49-48-48-48zm0 48v40.805c-22.422 18.259-58.168 46.651-134.587 106.49-16.841 13.247-50.201 45.072-73.413 44.701-23.208.375-56.579-31.459-73.413-44.701C106.18 199.465 70.425 171.067 48 152.805V112h416zM48 400V214.398c22.914 18.251 55.409 43.862 104.938 82.646 21.857 17.205 60.134 55.186 103.062 54.955 42.717.231 80.509-37.199 103.053-54.947 49.528-38.783 82.032-64.401 104.947-82.653V400H48z\"><\/path><\/svg>\t\t\t\t\t\t<\/span>\n\t\t\t\t\t\t\t\t\t\t<span class=\"elementor-icon-list-text\">everaldo@everaldocolombijr.adv.br<\/span>\n\t\t\t\t\t\t\t\t\t<\/li>\n\t\t\t\t\t\t\t\t<li class=\"elementor-icon-list-item\">\n\t\t\t\t\t\t\t\t\t\t\t<span class=\"elementor-icon-list-icon\">\n\t\t\t\t\t\t\t<svg aria-hidden=\"true\" class=\"e-font-icon-svg e-fas-map-marker-alt\" viewBox=\"0 0 384 512\" xmlns=\"http:\/\/www.w3.org\/2000\/svg\"><path d=\"M172.268 501.67C26.97 291.031 0 269.413 0 192 0 85.961 85.961 0 192 0s192 85.961 192 192c0 77.413-26.97 99.031-172.268 309.67-9.535 13.774-29.93 13.773-39.464 0zM192 272c44.183 0 80-35.817 80-80s-35.817-80-80-80-80 35.817-80 80 35.817 80 80 80z\"><\/path><\/svg>\t\t\t\t\t\t<\/span>\n\t\t\t\t\t\t\t\t\t\t<span class=\"elementor-icon-list-text\">Av. Conselheiro N\u00e9bias, 754, cj 614, Boqueir\u00e3o, CEP\u00a011045-002<\/span>\n\t\t\t\t\t\t\t\t\t<\/li>\n\t\t\t\t\t\t<\/ul>\n\t\t\t\t<\/div>\n\t\t\t\t<\/div>\n\t\t<div class=\"elementor-element elementor-element-806b9e6 e-con-full e-flex e-con e-child\" data-id=\"806b9e6\" data-element_type=\"container\" data-settings=\"{&quot;content_width&quot;:&quot;full&quot;}\">\n\t\t\t\t<div class=\"elementor-element elementor-element-aaebdc9 elementor-widget elementor-widget-button\" data-id=\"aaebdc9\" data-element_type=\"widget\" data-widget_type=\"button.default\">\n\t\t\t\t<div class=\"elementor-widget-container\">\n\t\t\t\t\t<div class=\"elementor-button-wrapper\">\n\t\t\t<a class=\"elementor-button elementor-button-link elementor-size-md\" href=\"http:\/\/portal.office.com\">\n\t\t\t\t\t\t<span class=\"elementor-button-content-wrapper\">\n\t\t\t\t\t\t<span class=\"elementor-button-icon elementor-align-icon-left\">\n\t\t\t\t<svg aria-hidden=\"true\" class=\"e-font-icon-svg e-fas-mail-bulk\" viewBox=\"0 0 576 512\" xmlns=\"http:\/\/www.w3.org\/2000\/svg\"><path d=\"M160 448c-25.6 0-51.2-22.4-64-32-64-44.8-83.2-60.8-96-70.4V480c0 17.67 14.33 32 32 32h256c17.67 0 32-14.33 32-32V345.6c-12.8 9.6-32 25.6-96 70.4-12.8 9.6-38.4 32-64 32zm128-192H32c-17.67 0-32 14.33-32 32v16c25.6 19.2 22.4 19.2 115.2 86.4 9.6 6.4 28.8 25.6 44.8 25.6s35.2-19.2 44.8-22.4c92.8-67.2 89.6-67.2 115.2-86.4V288c0-17.67-14.33-32-32-32zm256-96H224c-17.67 0-32 14.33-32 32v32h96c33.21 0 60.59 25.42 63.71 57.82l.29-.22V416h192c17.67 0 32-14.33 32-32V192c0-17.67-14.33-32-32-32zm-32 128h-64v-64h64v64zm-352-96c0-35.29 28.71-64 64-64h224V32c0-17.67-14.33-32-32-32H96C78.33 0 64 14.33 64 32v192h96v-32z\"><\/path><\/svg>\t\t\t<\/span>\n\t\t\t\t\t\t<span class=\"elementor-button-text\">Webmail<\/span>\n\t\t<\/span>\n\t\t\t\t\t<\/a>\n\t\t<\/div>\n\t\t\t\t<\/div>\n\t\t\t\t<\/div>\n\t\t\t\t<\/div>\n\t\t\t\t<div class=\"elementor-element elementor-element-7d7583c elementor-widget elementor-widget-text-editor\" data-id=\"7d7583c\" data-element_type=\"widget\" data-widget_type=\"text-editor.default\">\n\t\t\t\t<div class=\"elementor-widget-container\">\n\t\t\t\t\t\t\t<p>Agradecemos sua compreens\u00e3o e estamos ansiosos para receb\u00ea-los em breve em nossa nova plataforma online.<\/p>\t\t\t\t\t\t<\/div>\n\t\t\t\t<\/div>\n\t\t\t\t<\/div>\n\t\t\t\t<\/div>\n\t\t\t\t\t<\/div>\n\t\t\t\t<\/div>\n\t\t\t\t\t\t\t<\/div>\n\t\t","protected":false},"excerpt":{"rendered":"<p>Site em Manuten\u00e7\u00e3o Informamos que nosso site est\u00e1 em desenvolvimento para melhor servir a todos. Durante este per\u00edodo, a EMC &#8211; Everaldo de Melo Colombi Jr Advocacia segue \u00e0 disposi\u00e7\u00e3o para atender suas necessidades jur\u00eddicas atrav\u00e9s dos nossos canais de contato: everaldo@everaldocolombijr.adv.br Av. Conselheiro N\u00e9bias, 754, cj 614, Boqueir\u00e3o, CEP\u00a011045-002 Webmail Agradecemos sua compreens\u00e3o e [&hellip;]<\/p>\n","protected":false},"author":1,"featured_media":0,"parent":0,"menu_order":0,"comment_status":"closed","ping_status":"closed","template":"elementor_canvas","meta":{"footnotes":""},"class_list":["post-11","page","type-page","status-publish","hentry"],"yoast_head":"<!-- This site is optimized with the Yoast SEO plugin v22.1 - https:\/\/yoast.com\/wordpress\/plugins\/seo\/ -->\n<title>Home - EMC - Everaldo de Melo Colombi Jr Advocacia<\/title>\n<meta name=\"robots\" content=\"index, follow, max-snippet:-1, max-image-preview:large, max-video-preview:-1\" \/>\n<link rel=\"canonical\" href=\"https:\/\/everaldocolombijr.adv.br\/\" \/>\n<meta property=\"og:locale\" content=\"pt_BR\" \/>\n<meta property=\"og:type\" content=\"article\" \/>\n<meta property=\"og:title\" content=\"Home - EMC - Everaldo de Melo Colombi Jr Advocacia\" \/>\n<meta property=\"og:description\" content=\"Site em Manuten\u00e7\u00e3o Informamos que nosso site est\u00e1 em desenvolvimento para melhor servir a todos. Durante este per\u00edodo, a EMC &#8211; Everaldo de Melo Colombi Jr Advocacia segue \u00e0 disposi\u00e7\u00e3o para atender suas necessidades jur\u00eddicas atrav\u00e9s dos nossos canais de contato: everaldo@everaldocolombijr.adv.br Av. Conselheiro N\u00e9bias, 754, cj 614, Boqueir\u00e3o, CEP\u00a011045-002 Webmail Agradecemos sua compreens\u00e3o e [&hellip;]\" \/>\n<meta property=\"og:url\" content=\"https:\/\/everaldocolombijr.adv.br\/\" \/>\n<meta property=\"og:site_name\" content=\"EMC - Everaldo de Melo Colombi Jr Advocacia\" \/>\n<meta property=\"article:modified_time\" content=\"2024-02-20T18:02:26+00:00\" \/>\n<meta name=\"twitter:card\" content=\"summary_large_image\" \/>\n<meta name=\"twitter:label1\" content=\"Est. tempo de leitura\" \/>\n\t<meta name=\"twitter:data1\" content=\"1 minuto\" \/>\n<script type=\"application\/ld+json\" class=\"yoast-schema-graph\">{\"@context\":\"https:\/\/schema.org\",\"@graph\":[{\"@type\":\"WebPage\",\"@id\":\"https:\/\/everaldocolombijr.adv.br\/\",\"url\":\"https:\/\/everaldocolombijr.adv.br\/\",\"name\":\"Home - EMC - Everaldo de Melo Colombi Jr Advocacia\",\"isPartOf\":{\"@id\":\"https:\/\/everaldocolombijr.adv.br\/#website\"},\"datePublished\":\"2024-02-20T17:28:07+00:00\",\"dateModified\":\"2024-02-20T18:02:26+00:00\",\"breadcrumb\":{\"@id\":\"https:\/\/everaldocolombijr.adv.br\/#breadcrumb\"},\"inLanguage\":\"pt-BR\",\"potentialAction\":[{\"@type\":\"ReadAction\",\"target\":[\"https:\/\/everaldocolombijr.adv.br\/\"]}]},{\"@type\":\"BreadcrumbList\",\"@id\":\"https:\/\/everaldocolombijr.adv.br\/#breadcrumb\",\"itemListElement\":[{\"@type\":\"ListItem\",\"position\":1,\"name\":\"In\u00edcio\",\"item\":\"https:\/\/everaldocolombijr.adv.br\/\"},{\"@type\":\"ListItem\",\"position\":2,\"name\":\"Home\"}]},{\"@type\":\"WebSite\",\"@id\":\"https:\/\/everaldocolombijr.adv.br\/#website\",\"url\":\"https:\/\/everaldocolombijr.adv.br\/\",\"name\":\"EMC - Everaldo de Melo Colombi Jr Advocacia\",\"description\":\"Advocacia\",\"publisher\":{\"@id\":\"https:\/\/everaldocolombijr.adv.br\/#organization\"},\"potentialAction\":[{\"@type\":\"SearchAction\",\"target\":{\"@type\":\"EntryPoint\",\"urlTemplate\":\"https:\/\/everaldocolombijr.adv.br\/?s={search_term_string}\"},\"query-input\":\"required name=search_term_string\"}],\"inLanguage\":\"pt-BR\"},{\"@type\":\"Organization\",\"@id\":\"https:\/\/everaldocolombijr.adv.br\/#organization\",\"name\":\"EMC - Everaldo de Melo Colombi Jr Advocacia\",\"url\":\"https:\/\/everaldocolombijr.adv.br\/\",\"logo\":{\"@type\":\"ImageObject\",\"inLanguage\":\"pt-BR\",\"@id\":\"https:\/\/everaldocolombijr.adv.br\/#\/schema\/logo\/image\/\",\"url\":\"https:\/\/everaldocolombijr.adv.br\/wp-content\/uploads\/2024\/02\/EMC-LOGO-01-1.png\",\"contentUrl\":\"https:\/\/everaldocolombijr.adv.br\/wp-content\/uploads\/2024\/02\/EMC-LOGO-01-1.png\",\"width\":8230,\"height\":2325,\"caption\":\"EMC - Everaldo de Melo Colombi Jr Advocacia\"},\"image\":{\"@id\":\"https:\/\/everaldocolombijr.adv.br\/#\/schema\/logo\/image\/\"}}]}<\/script>\n<!-- \/ Yoast SEO plugin. -->","yoast_head_json":{"title":"Home - EMC - Everaldo de Melo Colombi Jr Advocacia","robots":{"index":"index","follow":"follow","max-snippet":"max-snippet:-1","max-image-preview":"max-image-preview:large","max-video-preview":"max-video-preview:-1"},"canonical":"https:\/\/everaldocolombijr.adv.br\/","og_locale":"pt_BR","og_type":"article","og_title":"Home - EMC - Everaldo de Melo Colombi Jr Advocacia","og_description":"Site em Manuten\u00e7\u00e3o Informamos que nosso site est\u00e1 em desenvolvimento para melhor servir a todos. Durante este per\u00edodo, a EMC &#8211; Everaldo de Melo Colombi Jr Advocacia segue \u00e0 disposi\u00e7\u00e3o para atender suas necessidades jur\u00eddicas atrav\u00e9s dos nossos canais de contato: everaldo@everaldocolombijr.adv.br Av. Conselheiro N\u00e9bias, 754, cj 614, Boqueir\u00e3o, CEP\u00a011045-002 Webmail Agradecemos sua compreens\u00e3o e [&hellip;]","og_url":"https:\/\/everaldocolombijr.adv.br\/","og_site_name":"EMC - Everaldo de Melo Colombi Jr Advocacia","article_modified_time":"2024-02-20T18:02:26+00:00","twitter_card":"summary_large_image","twitter_misc":{"Est. tempo de leitura":"1 minuto"},"schema":{"@context":"https:\/\/schema.org","@graph":[{"@type":"WebPage","@id":"https:\/\/everaldocolombijr.adv.br\/","url":"https:\/\/everaldocolombijr.adv.br\/","name":"Home - EMC - Everaldo de Melo Colombi Jr Advocacia","isPartOf":{"@id":"https:\/\/everaldocolombijr.adv.br\/#website"},"datePublished":"2024-02-20T17:28:07+00:00","dateModified":"2024-02-20T18:02:26+00:00","breadcrumb":{"@id":"https:\/\/everaldocolombijr.adv.br\/#breadcrumb"},"inLanguage":"pt-BR","potentialAction":[{"@type":"ReadAction","target":["https:\/\/everaldocolombijr.adv.br\/"]}]},{"@type":"BreadcrumbList","@id":"https:\/\/everaldocolombijr.adv.br\/#breadcrumb","itemListElement":[{"@type":"ListItem","position":1,"name":"In\u00edcio","item":"https:\/\/everaldocolombijr.adv.br\/"},{"@type":"ListItem","position":2,"name":"Home"}]},{"@type":"WebSite","@id":"https:\/\/everaldocolombijr.adv.br\/#website","url":"https:\/\/everaldocolombijr.adv.br\/","name":"EMC - Everaldo de Melo Colombi Jr Advocacia","description":"Advocacia","publisher":{"@id":"https:\/\/everaldocolombijr.adv.br\/#organization"},"potentialAction":[{"@type":"SearchAction","target":{"@type":"EntryPoint","urlTemplate":"https:\/\/everaldocolombijr.adv.br\/?s={search_term_string}"},"query-input":"required name=search_term_string"}],"inLanguage":"pt-BR"},{"@type":"Organization","@id":"https:\/\/everaldocolombijr.adv.br\/#organization","name":"EMC - Everaldo de Melo Colombi Jr Advocacia","url":"https:\/\/everaldocolombijr.adv.br\/","logo":{"@type":"ImageObject","inLanguage":"pt-BR","@id":"https:\/\/everaldocolombijr.adv.br\/#\/schema\/logo\/image\/","url":"https:\/\/everaldocolombijr.adv.br\/wp-content\/uploads\/2024\/02\/EMC-LOGO-01-1.png","contentUrl":"https:\/\/everaldocolombijr.adv.br\/wp-content\/uploads\/2024\/02\/EMC-LOGO-01-1.png","width":8230,"height":2325,"caption":"EMC - Everaldo de Melo Colombi Jr Advocacia"},"image":{"@id":"https:\/\/everaldocolombijr.adv.br\/#\/schema\/logo\/image\/"}}]}},"_links":{"self":[{"href":"https:\/\/everaldocolombijr.adv.br\/index.php?rest_route=\/wp\/v2\/pages\/11","targetHints":{"allow":["GET"]}}],"collection":[{"href":"https:\/\/everaldocolombijr.adv.br\/index.php?rest_route=\/wp\/v2\/pages"}],"about":[{"href":"https:\/\/everaldocolombijr.adv.br\/index.php?rest_route=\/wp\/v2\/types\/page"}],"author":[{"embeddable":true,"href":"https:\/\/everaldocolombijr.adv.br\/index.php?rest_route=\/wp\/v2\/users\/1"}],"replies":[{"embeddable":true,"href":"https:\/\/everaldocolombijr.adv.br\/index.php?rest_route=%2Fwp%2Fv2%2Fcomments&post=11"}],"version-history":[{"count":4,"href":"https:\/\/everaldocolombijr.adv.br\/index.php?rest_route=\/wp\/v2\/pages\/11\/revisions"}],"predecessor-version":[{"id":23,"href":"https:\/\/everaldocolombijr.adv.br\/index.php?rest_route=\/wp\/v2\/pages\/11\/revisions\/23"}],"wp:attachment":[{"href":"https:\/\/everaldocolombijr.adv.br\/index.php?rest_route=%2Fwp%2Fv2%2Fmedia&parent=11"}],"curies":[{"name":"wp","href":"https:\/\/api.w.org\/{rel}","templated":true}]}}